{"id":5053,"date":"2025-05-25T18:53:38","date_gmt":"2025-05-25T16:53:38","guid":{"rendered":"https:\/\/www.globalmedschool.com\/?page_id=5053"},"modified":"2025-06-13T12:00:24","modified_gmt":"2025-06-13T10:00:24","slug":"nos-services","status":"publish","type":"page","link":"https:\/\/www.globalmedschool.com\/index.php\/nos-services\/","title":{"rendered":"Nos services"},"content":{"rendered":"\t\t<div data-elementor-type=\"wp-page\" data-elementor-id=\"5053\" class=\"elementor elementor-5053\">\n\t\t\t\t<div class=\"elementor-element elementor-element-d966d41 e-flex e-con-boxed e-con e-parent\" data-id=\"d966d41\" data-element_type=\"container\">\n\t\t\t\t\t<div class=\"e-con-inner\">\n\t\t\t\t<div class=\"elementor-element elementor-element-cc43dee elementor-widget elementor-widget-heading\" data-id=\"cc43dee\" data-element_type=\"widget\" data-widget_type=\"heading.default\">\n\t\t\t\t<div class=\"elementor-widget-container\">\n\t\t\t\t\t<h3 class=\"elementor-heading-title elementor-size-default\">Chez GlobalMedSchool, nous accompagnons les \u00e9tudiants internationaux dans toutes les \u00e9tapes de leur projet universitaire \u00e0 Duba\u00ef. De l\u2019inscription \u00e0 l\u2019int\u00e9gration, en passant par le suivi quotidien, nous vous offrons un service humain, professionnel et enti\u00e8rement personnalis\u00e9<\/h3>\t\t\t\t<\/div>\n\t\t\t\t<\/div>\n\t\t\t\t\t<\/div>\n\t\t\t\t<\/div>\n\t\t<div class=\"elementor-element elementor-element-fb915e8 e-flex e-con-boxed e-con e-parent\" data-id=\"fb915e8\" data-element_type=\"container\">\n\t\t\t\t\t<div class=\"e-con-inner\">\n\t\t<div class=\"elementor-element elementor-element-a0db54e e-con-full e-flex e-con e-child\" data-id=\"a0db54e\" data-element_type=\"container\">\n\t\t\t\t<div class=\"elementor-element elementor-element-164ecfc elementor-widget elementor-widget-heading\" data-id=\"164ecfc\" data-element_type=\"widget\" data-widget_type=\"heading.default\">\n\t\t\t\t<div class=\"elementor-widget-container\">\n\t\t\t\t\t<h3 class=\"elementor-heading-title elementor-size-default\"><strong style=\"letter-spacing: normal\">\ud83c\udf93 Accompagnement universitaire<\/strong><\/h3>\t\t\t\t<\/div>\n\t\t\t\t<\/div>\n\t\t\t\t<div class=\"elementor-element elementor-element-ba15a4c elementor-widget elementor-widget-text-editor\" data-id=\"ba15a4c\" data-element_type=\"widget\" data-widget_type=\"text-editor.default\">\n\t\t\t\t<div class=\"elementor-widget-container\">\n\t\t\t\t\t\t\t\t\t<p>Nous vous guidons dans toutes les d\u00e9marches pour int\u00e9grer l\u2019universit\u00e9 ou l\u2019\u00e9cole sup\u00e9rieure de votre choix \u00e0 Duba\u00ef :<\/p>\n<ul>\n<li>Orientation acad\u00e9mique selon votre profil et vos ambitions.<\/li>\n<li>S\u00e9lection des meilleures institutions selon vos crit\u00e8res (budget, domaine, dur\u00e9e).<\/li>\n<li>Pr\u00e9paration et soumission de votre dossier de candidature (CV, lettres de motivation, traductions, \u00e9quivalences).<\/li>\n<li>Conseil sur les bourses et aides financi\u00e8res possibles.<\/li>\n<\/ul>\n<p>Objectif : vous faire gagner du temps, \u00e9viter les erreurs et maximiser vos chances d\u2019admission.<\/p>\n\t\t\t\t\t\t\t\t<\/div>\n\t\t\t\t<\/div>\n\t\t\t\t<div class=\"elementor-element elementor-element-3bbd0ff elementor-widget elementor-widget-heading\" data-id=\"3bbd0ff\" data-element_type=\"widget\" data-widget_type=\"heading.default\">\n\t\t\t\t<div class=\"elementor-widget-container\">\n\t\t\t\t\t<h3 class=\"elementor-heading-title elementor-size-default\"><strong style=\"letter-spacing: normal\">\ud83d\udc65 Suivi personnalis\u00e9<\/strong><\/h3>\t\t\t\t<\/div>\n\t\t\t\t<\/div>\n\t\t\t\t<div class=\"elementor-element elementor-element-a86eff1 elementor-widget elementor-widget-text-editor\" data-id=\"a86eff1\" data-element_type=\"widget\" data-widget_type=\"text-editor.default\">\n\t\t\t\t<div class=\"elementor-widget-container\">\n\t\t\t\t\t\t\t\t\t<p>Chaque \u00e9tudiant a son propre parcours, ses propres d\u00e9fis. C\u2019est pourquoi nous offrons un accompagnement individualis\u00e9 :<\/p>\n<ul>\n<li>Un conseiller d\u00e9di\u00e9 \u00e0 votre suivi, accessible avant, pendant et apr\u00e8s votre inscription.<\/li>\n<li>\u00c9coute et soutien en cas de difficult\u00e9 d\u2019adaptation, de motivation ou d\u2019orientation.<\/li>\n<li>Organisation de points r\u00e9guliers pour faire le bilan de votre int\u00e9gration et de votre progression acad\u00e9mique.<\/li>\n<\/ul>\n<p>Objectif : assurer votre bien-\u00eatre et votre r\u00e9ussite, \u00e9tape par \u00e9tape.<\/p>\n\t\t\t\t\t\t\t\t<\/div>\n\t\t\t\t<\/div>\n\t\t\t\t<\/div>\n\t\t<div class=\"elementor-element elementor-element-7022916 e-con-full e-flex e-con e-child\" data-id=\"7022916\" data-element_type=\"container\">\n\t\t\t\t<div class=\"elementor-element elementor-element-bfa59ed elementor-widget elementor-widget-heading\" data-id=\"bfa59ed\" data-element_type=\"widget\" data-widget_type=\"heading.default\">\n\t\t\t\t<div class=\"elementor-widget-container\">\n\t\t\t\t\t<h3 class=\"elementor-heading-title elementor-size-default\">\ud83c\udfd9\ufe0f Aide \u00e0 l\u2019int\u00e9gration \u00e0 Duba\u00ef<\/h3>\t\t\t\t<\/div>\n\t\t\t\t<\/div>\n\t\t\t\t<div class=\"elementor-element elementor-element-49c9dda elementor-widget elementor-widget-text-editor\" data-id=\"49c9dda\" data-element_type=\"widget\" data-widget_type=\"text-editor.default\">\n\t\t\t\t<div class=\"elementor-widget-container\">\n\t\t\t\t\t\t\t\t\t<p>D\u00e8s votre arriv\u00e9e, nous vous assistons pour faciliter votre installation dans un nouvel environnement :<\/p>\n<ul>\n<li>Obtention du visa \u00e9tudiant et d\u00e9marches administratives locales.<\/li>\n<li>Recherche de logement adapt\u00e9 (campus, colocation, studio).<\/li>\n<li>Informations pratiques sur les transports, les assurances, les services bancaires.<\/li>\n<li>Accompagnement culturel pour comprendre les r\u00e8gles de vie et les valeurs locales.<\/li>\n<\/ul>\n<p>Objectif : vous permettre de vous sentir chez vous \u00e0 Duba\u00ef d\u00e8s les premiers jours.<\/p>\n\t\t\t\t\t\t\t\t<\/div>\n\t\t\t\t<\/div>\n\t\t\t\t<div class=\"elementor-element elementor-element-b91d8c3 elementor-widget elementor-widget-heading\" data-id=\"b91d8c3\" data-element_type=\"widget\" data-widget_type=\"heading.default\">\n\t\t\t\t<div class=\"elementor-widget-container\">\n\t\t\t\t\t<h3 class=\"elementor-heading-title elementor-size-default\">\ud83d\udca1 Conseils pratiques<\/h3>\t\t\t\t<\/div>\n\t\t\t\t<\/div>\n\t\t\t\t<div class=\"elementor-element elementor-element-425129c elementor-widget elementor-widget-text-editor\" data-id=\"425129c\" data-element_type=\"widget\" data-widget_type=\"text-editor.default\">\n\t\t\t\t<div class=\"elementor-widget-container\">\n\t\t\t\t\t\t\t\t\t<p><span style=\"text-align: var(--text-align);\">Parce que la r\u00e9ussite d\u2019un \u00e9tudiant ne se limite pas aux cours, nous mettons \u00e0 disposition :<\/span><\/p>\n<ul>\n<li>Des guides pratiques (checklists, FAQ, astuces locales).<\/li>\n<li>Des t\u00e9moignages d\u2019anciens \u00e9tudiants \u00e0 Duba\u00ef.<\/li>\n<li>Un acc\u00e8s \u00e0 un r\u00e9seau actif d\u2019expatri\u00e9s, de professionnels et de mentors.<\/li>\n<li>Des ressources utiles pour g\u00e9rer votre budget, trouver un job \u00e9tudiant, ou profiter pleinement de la ville.<\/li>\n<\/ul>\n<p>Objectif : faire de votre exp\u00e9rience \u00e0 Duba\u00ef une aventure enrichissante sur tous les plans.<\/p>\n\t\t\t\t\t\t\t\t<\/div>\n\t\t\t\t<\/div>\n\t\t\t\t<\/div>\n\t\t\t\t\t<\/div>\n\t\t\t\t<\/div>\n\t\t\t\t<\/div>\n\t\t","protected":false},"excerpt":{"rendered":"<p>Chez GlobalMedSchool, nous accompagnons les \u00e9tudiants internationaux dans toutes les \u00e9tapes de leur projet universitaire \u00e0 Duba\u00ef. De l\u2019inscription \u00e0 l\u2019int\u00e9gration, en passant par le suivi quotidien, nous vous offrons un service humain, professionnel et enti\u00e8rement personnalis\u00e9 \ud83c\udf93 Accompagnement universitaire Nous vous guidons dans toutes les d\u00e9marches pour int\u00e9grer l\u2019universit\u00e9 ou l\u2019\u00e9cole sup\u00e9rieure de votre [&hellip;]<\/p>\n","protected":false},"author":1,"featured_media":0,"parent":0,"menu_order":0,"comment_status":"closed","ping_status":"closed","template":"","meta":{"content-type":"","footnotes":""},"class_list":["post-5053","page","type-page","status-publish","hentry"],"_links":{"self":[{"href":"https:\/\/www.globalmedschool.com\/index.php\/wp-json\/wp\/v2\/pages\/5053","targetHints":{"allow":["GET"]}}],"collection":[{"href":"https:\/\/www.globalmedschool.com\/index.php\/wp-json\/wp\/v2\/pages"}],"about":[{"href":"https:\/\/www.globalmedschool.com\/index.php\/wp-json\/wp\/v2\/types\/page"}],"author":[{"embeddable":true,"href":"https:\/\/www.globalmedschool.com\/index.php\/wp-json\/wp\/v2\/users\/1"}],"replies":[{"embeddable":true,"href":"https:\/\/www.globalmedschool.com\/index.php\/wp-json\/wp\/v2\/comments?post=5053"}],"version-history":[{"count":10,"href":"https:\/\/www.globalmedschool.com\/index.php\/wp-json\/wp\/v2\/pages\/5053\/revisions"}],"predecessor-version":[{"id":5105,"href":"https:\/\/www.globalmedschool.com\/index.php\/wp-json\/wp\/v2\/pages\/5053\/revisions\/5105"}],"wp:attachment":[{"href":"https:\/\/www.globalmedschool.com\/index.php\/wp-json\/wp\/v2\/media?parent=5053"}],"curies":[{"name":"wp","href":"https:\/\/api.w.org\/{rel}","templated":true}]}}