{"id":392,"date":"2018-07-26T07:17:24","date_gmt":"2018-07-26T07:17:24","guid":{"rendered":"http:\/\/lmsdemo.loc\/lms-white\/?page_id=392"},"modified":"2025-06-11T13:59:56","modified_gmt":"2025-06-11T11:59:56","slug":"about-us","status":"publish","type":"page","link":"https:\/\/www.globalmedschool.com\/index.php\/about-us\/","title":{"rendered":"About Us"},"content":{"rendered":"\t\t<div data-elementor-type=\"wp-page\" data-elementor-id=\"392\" class=\"elementor elementor-392\">\n\t\t\t\t\t\t<section class=\"elementor-section elementor-top-section elementor-element elementor-element-be3d8b6 elementor-section-stretched elementor-section-boxed elementor-section-height-default elementor-section-height-default\" data-id=\"be3d8b6\" data-element_type=\"section\" data-settings=\"{&quot;background_background&quot;:&quot;classic&quot;,&quot;stretch_section&quot;:&quot;section-stretched&quot;}\">\n\t\t\t\t\t\t<div class=\"elementor-container elementor-column-gap-default\">\n\t\t\t\t\t<div class=\"elementor-column elementor-col-50 elementor-top-column elementor-element elementor-element-be3dcf8\" data-id=\"be3dcf8\" data-element_type=\"column\">\n\t\t\t<div class=\"elementor-widget-wrap elementor-element-populated\">\n\t\t\t\t\t\t<div class=\"elementor-element elementor-element-be3e019 elementor-widget elementor-widget-vc_custom_heading\" data-id=\"be3e019\" data-element_type=\"widget\" data-widget_type=\"vc_custom_heading.default\">\n\t\t\t\t<div class=\"elementor-widget-container\">\n\t\t\t\t\t<div class=\" vc_custom_heading  masterstudy_heading_font  text_align_left\" ><h2 style=\"text-align: left;font-weight:700\" class=\"masterstudy-custom-title\">Qui sommes-nous ?\n<\/h2><\/div>\t\t\t\t<\/div>\n\t\t\t\t<\/div>\n\t\t\t\t<div class=\"elementor-element elementor-element-be3e274 elementor-widget elementor-widget-text-editor\" data-id=\"be3e274\" data-element_type=\"widget\" data-widget_type=\"text-editor.default\">\n\t\t\t\t<div class=\"elementor-widget-container\">\n\t\t\t\t\t\t\t\t\t<p class=\"\" data-start=\"1844\" data-end=\"2095\">GlobalMed School est une initiative de jeunes professionnels bas\u00e9s \u00e0 Duba\u00ef et au S\u00e9n\u00e9gal. Notre mission est d\u2019accompagner les \u00e9tudiants africains dans leur projet universitaire aux \u00c9mirats, en leur offrant une assistance humaine, r\u00e9active et efficace.<\/p>\n\t\t\t\t\t\t\t\t<\/div>\n\t\t\t\t<\/div>\n\t\t\t\t<div class=\"elementor-element elementor-element-be3e588 elementor-widget elementor-widget-image\" data-id=\"be3e588\" data-element_type=\"widget\" data-widget_type=\"image.default\">\n\t\t\t\t<div class=\"elementor-widget-container\">\n\t\t\t\t\t\t\t\t\t\t\t\t\t\t\t<img fetchpriority=\"high\" decoding=\"async\" width=\"1024\" height=\"683\" src=\"https:\/\/www.globalmedschool.com\/wp-content\/uploads\/2025\/05\/ChatGPT-Image-24-mai-2025-21_20_01-1024x683.png\" class=\"attachment-large size-large wp-image-5033\" alt=\"\" srcset=\"https:\/\/www.globalmedschool.com\/wp-content\/uploads\/2025\/05\/ChatGPT-Image-24-mai-2025-21_20_01-1024x683.png 1024w, https:\/\/www.globalmedschool.com\/wp-content\/uploads\/2025\/05\/ChatGPT-Image-24-mai-2025-21_20_01-300x200.png 300w, https:\/\/www.globalmedschool.com\/wp-content\/uploads\/2025\/05\/ChatGPT-Image-24-mai-2025-21_20_01-768x512.png 768w, https:\/\/www.globalmedschool.com\/wp-content\/uploads\/2025\/05\/ChatGPT-Image-24-mai-2025-21_20_01-270x180.png 270w, https:\/\/www.globalmedschool.com\/wp-content\/uploads\/2025\/05\/ChatGPT-Image-24-mai-2025-21_20_01-600x400.png 600w, https:\/\/www.globalmedschool.com\/wp-content\/uploads\/2025\/05\/ChatGPT-Image-24-mai-2025-21_20_01.png 1536w\" sizes=\"(max-width: 1024px) 100vw, 1024px\" \/>\t\t\t\t\t\t\t\t\t\t\t\t\t\t\t<\/div>\n\t\t\t\t<\/div>\n\t\t\t\t<div class=\"elementor-element elementor-element-1c7f508 elementor-widget elementor-widget-vc_custom_heading\" data-id=\"1c7f508\" data-element_type=\"widget\" data-widget_type=\"vc_custom_heading.default\">\n\t\t\t\t<div class=\"elementor-widget-container\">\n\t\t\t\t\t<div class=\" vc_custom_heading  masterstudy_heading_font  text_align_left\" ><h2 style=\"text-align: left;font-weight:700\" class=\"masterstudy-custom-title\">Duba\u00ef, un v\u00e9ritable Hub Mondial pour l'\u00c9ducation\n<\/h2><\/div>\t\t\t\t<\/div>\n\t\t\t\t<\/div>\n\t\t\t\t<div class=\"elementor-element elementor-element-40880b9 elementor-widget elementor-widget-text-editor\" data-id=\"40880b9\" data-element_type=\"widget\" data-widget_type=\"text-editor.default\">\n\t\t\t\t<div class=\"elementor-widget-container\">\n\t\t\t\t\t\t\t\t\t<p data-start=\"1795\" data-end=\"2114\">Chaque ann\u00e9e, pr\u00e8s de 10 000 \u00e9tudiants internationaux, venant notamment des \u00c9tats-Unis et du Canada, choisissent Duba\u00ef pour la qualit\u00e9 de son enseignement et les multiples opportunit\u00e9s de carri\u00e8re qu\u2019elle propose. Au-del\u00e0 de l\u2019\u00e9ducation, la ville s\u00e9duit par son cadre de vie s\u00e9curis\u00e9, moderne et r\u00e9solument cosmopolite.<\/p>\n<p data-start=\"2116\" data-end=\"2469\">Gr\u00e2ce \u00e0 sa grande diversit\u00e9 culturelle et \u00e0 la pr\u00e9sence d\u2019entreprises multinationales, Duba\u00ef offre aux \u00e9tudiants un environnement inclusif et des perspectives professionnelles tr\u00e8s attractives. Avec l\u2019ambition de doubler sa population d\u2019ici 2040, Duba\u00ef s\u2019impose comme un v\u00e9ritable tremplin pour ceux qui aspirent \u00e0 un avenir international et prometteur.<\/p>\n\t\t\t\t\t\t\t\t<\/div>\n\t\t\t\t<\/div>\n\t\t\t\t\t<\/div>\n\t\t<\/div>\n\t\t\t\t<div class=\"elementor-column elementor-col-50 elementor-top-column elementor-element elementor-element-be3f235\" data-id=\"be3f235\" data-element_type=\"column\">\n\t\t\t<div class=\"elementor-widget-wrap elementor-element-populated\">\n\t\t\t\t\t\t<div class=\"elementor-element elementor-element-be3f681 elementor-widget elementor-widget-image\" data-id=\"be3f681\" data-element_type=\"widget\" data-widget_type=\"image.default\">\n\t\t\t\t<div class=\"elementor-widget-container\">\n\t\t\t\t\t\t\t\t\t\t\t\t\t\t\t<img decoding=\"async\" width=\"1024\" height=\"680\" src=\"https:\/\/www.globalmedschool.com\/wp-content\/uploads\/2025\/05\/Capture-decran-2025-05-24-a-21.25.31-1024x680.png\" class=\"attachment-large size-large wp-image-5038\" alt=\"\" srcset=\"https:\/\/www.globalmedschool.com\/wp-content\/uploads\/2025\/05\/Capture-decran-2025-05-24-a-21.25.31-1024x680.png 1024w, https:\/\/www.globalmedschool.com\/wp-content\/uploads\/2025\/05\/Capture-decran-2025-05-24-a-21.25.31-300x199.png 300w, https:\/\/www.globalmedschool.com\/wp-content\/uploads\/2025\/05\/Capture-decran-2025-05-24-a-21.25.31-768x510.png 768w, https:\/\/www.globalmedschool.com\/wp-content\/uploads\/2025\/05\/Capture-decran-2025-05-24-a-21.25.31-1536x1020.png 1536w, https:\/\/www.globalmedschool.com\/wp-content\/uploads\/2025\/05\/Capture-decran-2025-05-24-a-21.25.31-2048x1361.png 2048w, https:\/\/www.globalmedschool.com\/wp-content\/uploads\/2025\/05\/Capture-decran-2025-05-24-a-21.25.31-270x180.png 270w, https:\/\/www.globalmedschool.com\/wp-content\/uploads\/2025\/05\/Capture-decran-2025-05-24-a-21.25.31-600x399.png 600w\" sizes=\"(max-width: 1024px) 100vw, 1024px\" \/>\t\t\t\t\t\t\t\t\t\t\t\t\t\t\t<\/div>\n\t\t\t\t<\/div>\n\t\t\t\t<div class=\"elementor-element elementor-element-be40392 elementor-tabs-view-horizontal elementor-widget elementor-widget-tabs\" data-id=\"be40392\" data-element_type=\"widget\" data-widget_type=\"tabs.default\">\n\t\t\t\t<div class=\"elementor-widget-container\">\n\t\t\t\t\t\t\t<div class=\"elementor-tabs\">\n\t\t\t<div class=\"elementor-tabs-wrapper\" role=\"tablist\" >\n\t\t\t\t\t\t\t\t\t<div id=\"elementor-tab-title-1991\" class=\"elementor-tab-title elementor-tab-desktop-title\" aria-selected=\"true\" data-tab=\"1\" role=\"tab\" tabindex=\"0\" aria-controls=\"elementor-tab-content-1991\" aria-expanded=\"false\">Skills<\/div>\n\t\t\t\t\t\t\t\t\t<div id=\"elementor-tab-title-1992\" class=\"elementor-tab-title elementor-tab-desktop-title\" aria-selected=\"false\" data-tab=\"2\" role=\"tab\" tabindex=\"-1\" aria-controls=\"elementor-tab-content-1992\" aria-expanded=\"false\">Contact Us<\/div>\n\t\t\t\t\t\t\t<\/div>\n\t\t\t<div class=\"elementor-tabs-content-wrapper\" role=\"tablist\" aria-orientation=\"vertical\">\n\t\t\t\t\t\t\t\t\t<div class=\"elementor-tab-title elementor-tab-mobile-title\" aria-selected=\"true\" data-tab=\"1\" role=\"tab\" tabindex=\"0\" aria-controls=\"elementor-tab-content-1991\" aria-expanded=\"false\">Skills<\/div>\n\t\t\t\t\t<div id=\"elementor-tab-content-1991\" class=\"elementor-tab-content elementor-clearfix\" data-tab=\"1\" role=\"tabpanel\" aria-labelledby=\"elementor-tab-title-1991\" tabindex=\"0\" hidden=\"false\"><h3 style=\"caret-color: #000000; color: #000000; letter-spacing: normal;\" data-start=\"2102\" data-end=\"2129\">\ud83c\udf0d\u00a0<strong data-start=\"2109\" data-end=\"2129\">Pourquoi Duba\u00ef ?<\/strong><\/h3>\n<p style=\"caret-color: #000000; color: #000000;\" data-start=\"151\" data-end=\"394\">Plongez dans un environnement vibrant, cosmopolite et r\u00e9solument tourn\u00e9 vers l\u2019avenir. \u00c0 Duba\u00ef, vous b\u00e9n\u00e9ficiez d\u2019une\u00a0<strong data-start=\"269\" data-end=\"301\">\u00e9ducation de classe mondiale<\/strong>, combinant programmes innovants, enseignement d\u2019excellence et infrastructures ultramodernes.<\/p>\n<p style=\"caret-color: #000000; color: #000000;\" data-start=\"396\" data-end=\"660\">Que vous soyez passionn\u00e9 par le\u00a0<strong data-start=\"428\" data-end=\"501\">business, la finance, la technologie, la sant\u00e9, le droit, l\u2019agronomie<\/strong>\u00a0ou bien d\u2019autres domaines, Duba\u00ef offre un large \u00e9ventail de formations taill\u00e9es pour r\u00e9pondre aux exigences du march\u00e9 international et booster votre carri\u00e8re.<\/p>\n<p style=\"caret-color: #000000; color: #000000;\" data-start=\"662\" data-end=\"745\">Les universit\u00e9s partenaires sont accr\u00e9dit\u00e9es par des organismes de renom tels que :<\/p>\n<ul style=\"caret-color: #000000; color: #000000;\" data-start=\"747\" data-end=\"1198\">\n<li data-start=\"747\" data-end=\"914\">\n<p data-start=\"749\" data-end=\"914\"><strong data-start=\"749\" data-end=\"801\">Knowledge and Human Development Authority (KHDA)<\/strong>\u00a0: l&#8217;autorit\u00e9 gouvernementale garantissant la qualit\u00e9 et la conformit\u00e9 des \u00e9tablissements d\u2019enseignement \u00e0 Duba\u00ef.<\/p>\n<\/li>\n<li data-start=\"915\" data-end=\"1035\">\n<p data-start=\"917\" data-end=\"1035\"><strong data-start=\"917\" data-end=\"933\">Pearson (UK)<\/strong>\u00a0: r\u00e9f\u00e9rence mondiale dans l\u2019\u00e9ducation, assurant des dipl\u00f4mes reconnus et valoris\u00e9s \u00e0 l\u2019international.<\/p>\n<\/li>\n<li data-start=\"1036\" data-end=\"1198\">\n<p data-start=\"1038\" data-end=\"1198\"><strong data-start=\"1038\" data-end=\"1095\">Association of Chartered Certified Accountants (ACCA)<\/strong>\u00a0: certification de haut niveau pour celles et ceux qui visent une carri\u00e8re en finance et comptabilit\u00e9.<\/p>\n<\/li>\n<\/ul>\n<p style=\"caret-color: #000000; color: #000000;\" data-start=\"1200\" data-end=\"1385\">\ud83d\udc49\u00a0<strong data-start=\"1203\" data-end=\"1385\">Rejoignez d\u00e8s maintenant un r\u00e9seau d\u2019\u00e9tudiants internationaux et ouvrez les portes d\u2019opportunit\u00e9s uniques. Avec Global Med School, donnez \u00e0 votre avenir l\u2019envergure qu\u2019il m\u00e9rite.<\/strong><\/p>\n<\/div>\n\t\t\t\t\t\t\t\t\t<div class=\"elementor-tab-title elementor-tab-mobile-title\" aria-selected=\"false\" data-tab=\"2\" role=\"tab\" tabindex=\"-1\" aria-controls=\"elementor-tab-content-1992\" aria-expanded=\"false\">Contact Us<\/div>\n\t\t\t\t\t<div id=\"elementor-tab-content-1992\" class=\"elementor-tab-content elementor-clearfix\" data-tab=\"2\" role=\"tabpanel\" aria-labelledby=\"elementor-tab-title-1992\" tabindex=\"0\" hidden=\"hidden\"><\/div>\n\t\t\t\t\t\t\t<\/div>\n\t\t<\/div>\n\t\t\t\t\t\t<\/div>\n\t\t\t\t<\/div>\n\t\t\t\t\t<\/div>\n\t\t<\/div>\n\t\t\t\t\t<\/div>\n\t\t<\/section>\n\t\t\t\t<\/div>\n\t\t","protected":false},"excerpt":{"rendered":"<p>Qui sommes-nous ? GlobalMed School est une initiative de jeunes professionnels bas\u00e9s \u00e0 Duba\u00ef et au S\u00e9n\u00e9gal. Notre mission est d\u2019accompagner les \u00e9tudiants africains dans leur projet universitaire aux \u00c9mirats, en leur offrant une assistance humaine, r\u00e9active et efficace. Duba\u00ef, un v\u00e9ritable Hub Mondial pour l&#8217;\u00c9ducation Chaque ann\u00e9e, pr\u00e8s de 10 000 \u00e9tudiants internationaux, venant [&hellip;]<\/p>\n","protected":false},"author":1,"featured_media":0,"parent":0,"menu_order":0,"comment_status":"closed","ping_status":"closed","template":"","meta":{"content-type":"","footnotes":""},"class_list":["post-392","page","type-page","status-publish","hentry"],"_links":{"self":[{"href":"https:\/\/www.globalmedschool.com\/index.php\/wp-json\/wp\/v2\/pages\/392","targetHints":{"allow":["GET"]}}],"collection":[{"href":"https:\/\/www.globalmedschool.com\/index.php\/wp-json\/wp\/v2\/pages"}],"about":[{"href":"https:\/\/www.globalmedschool.com\/index.php\/wp-json\/wp\/v2\/types\/page"}],"author":[{"embeddable":true,"href":"https:\/\/www.globalmedschool.com\/index.php\/wp-json\/wp\/v2\/users\/1"}],"replies":[{"embeddable":true,"href":"https:\/\/www.globalmedschool.com\/index.php\/wp-json\/wp\/v2\/comments?post=392"}],"version-history":[{"count":15,"href":"https:\/\/www.globalmedschool.com\/index.php\/wp-json\/wp\/v2\/pages\/392\/revisions"}],"predecessor-version":[{"id":5093,"href":"https:\/\/www.globalmedschool.com\/index.php\/wp-json\/wp\/v2\/pages\/392\/revisions\/5093"}],"wp:attachment":[{"href":"https:\/\/www.globalmedschool.com\/index.php\/wp-json\/wp\/v2\/media?parent=392"}],"curies":[{"name":"wp","href":"https:\/\/api.w.org\/{rel}","templated":true}]}}